{"id":121,"date":"2024-07-08T10:43:15","date_gmt":"2024-07-08T08:43:15","guid":{"rendered":"https:\/\/maeva-vergnieres.com\/?page_id=121"},"modified":"2024-07-08T22:38:19","modified_gmt":"2024-07-08T20:38:19","slug":"en-savoir-plus-business-game","status":"publish","type":"page","link":"https:\/\/maeva-vergnieres.com\/index.php\/en-savoir-plus-business-game\/","title":{"rendered":"En savoir plus &#8211; Business Game"},"content":{"rendered":"\t\t<div data-elementor-type=\"wp-page\" data-elementor-id=\"121\" class=\"elementor elementor-121\">\n\t\t\t\t<div class=\"elementor-element elementor-element-e329da2 e-flex e-con-boxed e-con e-parent\" data-id=\"e329da2\" data-element_type=\"container\">\n\t\t\t\t\t<div class=\"e-con-inner\">\n\t\t\t\t<div class=\"elementor-element elementor-element-53ec735 elementor-widget elementor-widget-heading\" data-id=\"53ec735\" data-element_type=\"widget\" data-widget_type=\"heading.default\">\n\t\t\t\t<div class=\"elementor-widget-container\">\n\t\t\t<style>\/*! elementor - v3.22.0 - 26-06-2024 *\/\n.elementor-heading-title{padding:0;margin:0;line-height:1}.elementor-widget-heading .elementor-heading-title[class*=elementor-size-]>a{color:inherit;font-size:inherit;line-height:inherit}.elementor-widget-heading .elementor-heading-title.elementor-size-small{font-size:15px}.elementor-widget-heading .elementor-heading-title.elementor-size-medium{font-size:19px}.elementor-widget-heading .elementor-heading-title.elementor-size-large{font-size:29px}.elementor-widget-heading .elementor-heading-title.elementor-size-xl{font-size:39px}.elementor-widget-heading .elementor-heading-title.elementor-size-xxl{font-size:59px}<\/style><h2 class=\"elementor-heading-title elementor-size-default\">Business Game - Dior Spa<\/h2>\t\t<\/div>\n\t\t\t\t<\/div>\n\t\t\t\t\t<\/div>\n\t\t\t\t<\/div>\n\t\t<div class=\"elementor-element elementor-element-65d0df7 e-flex e-con-boxed e-con e-parent\" data-id=\"65d0df7\" data-element_type=\"container\">\n\t\t\t\t\t<div class=\"e-con-inner\">\n\t\t<div class=\"elementor-element elementor-element-50cfbc4 e-con-full e-flex e-con e-child\" data-id=\"50cfbc4\" data-element_type=\"container\">\n\t\t\t\t<div class=\"elementor-element elementor-element-4602719 elementor-widget elementor-widget-heading\" data-id=\"4602719\" data-element_type=\"widget\" data-widget_type=\"heading.default\">\n\t\t\t\t<div class=\"elementor-widget-container\">\n\t\t\t<h2 class=\"elementor-heading-title elementor-size-default\">Le concept<\/h2>\t\t<\/div>\n\t\t\t\t<\/div>\n\t\t\t\t<\/div>\n\t\t<div class=\"elementor-element elementor-element-1f9f105 e-con-full e-flex e-con e-child\" data-id=\"1f9f105\" data-element_type=\"container\">\n\t\t\t\t<div class=\"elementor-element elementor-element-f08b6ea elementor-widget elementor-widget-text-editor\" data-id=\"f08b6ea\" data-element_type=\"widget\" data-widget_type=\"text-editor.default\">\n\t\t\t\t<div class=\"elementor-widget-container\">\n\t\t\t<style>\/*! elementor - v3.22.0 - 26-06-2024 *\/\n.elementor-widget-text-editor.elementor-drop-cap-view-stacked .elementor-drop-cap{background-color:#69727d;color:#fff}.elementor-widget-text-editor.elementor-drop-cap-view-framed .elementor-drop-cap{color:#69727d;border:3px solid;background-color:transparent}.elementor-widget-text-editor:not(.elementor-drop-cap-view-default) .elementor-drop-cap{margin-top:8px}.elementor-widget-text-editor:not(.elementor-drop-cap-view-default) .elementor-drop-cap-letter{width:1em;height:1em}.elementor-widget-text-editor .elementor-drop-cap{float:left;text-align:center;line-height:1;font-size:50px}.elementor-widget-text-editor .elementor-drop-cap-letter{display:inline-block}<\/style>\t\t\t\t<p>Le groupe Terrade s&#8217;associe \u00e0 une marque chaque ann\u00e9e afin de proposer un challenge unique aux bachelors.<\/p><p>Cette ann\u00e9e, le challenge \u00e9tait de taille. La maison Dior s&#8217;est associ\u00e9e au groupe Terrade pour dynamiser ses spas. Plusieurs missions nous ont \u00e9t\u00e9 confi\u00e9s et devaient s&#8217;organiser autour de la r\u00e9alisation d&#8217;un pop-up store.<\/p><p>C&#8217;est la concr\u00e9tisation de notre ann\u00e9e. On a pu mettre en action toutes les comp\u00e9tences qu&#8217;on a pu acqu\u00e9rir durant cette formation autour de ce challenge intensif de 3 jours.<\/p>\t\t\t\t\t\t<\/div>\n\t\t\t\t<\/div>\n\t\t\t\t<\/div>\n\t\t\t\t\t<\/div>\n\t\t\t\t<\/div>\n\t\t<div class=\"elementor-element elementor-element-3734547 e-flex e-con-boxed e-con e-parent\" data-id=\"3734547\" data-element_type=\"container\">\n\t\t\t\t\t<div class=\"e-con-inner\">\n\t\t\t\t<div class=\"elementor-element elementor-element-4a4478b elementor-widget elementor-widget-image\" data-id=\"4a4478b\" data-element_type=\"widget\" data-widget_type=\"image.default\">\n\t\t\t\t<div class=\"elementor-widget-container\">\n\t\t\t<style>\/*! elementor - v3.22.0 - 26-06-2024 *\/\n.elementor-widget-image{text-align:center}.elementor-widget-image a{display:inline-block}.elementor-widget-image a img[src$=\".svg\"]{width:48px}.elementor-widget-image img{vertical-align:middle;display:inline-block}<\/style>\t\t\t\t\t\t\t\t\t\t<img fetchpriority=\"high\" decoding=\"async\" width=\"427\" height=\"820\" src=\"https:\/\/maeva-vergnieres.com\/wp-content\/uploads\/2024\/07\/Capture-decran-2024-07-08-212217.png\" class=\"attachment-full size-full wp-image-127\" alt=\"\" srcset=\"https:\/\/maeva-vergnieres.com\/wp-content\/uploads\/2024\/07\/Capture-decran-2024-07-08-212217.png 427w, https:\/\/maeva-vergnieres.com\/wp-content\/uploads\/2024\/07\/Capture-decran-2024-07-08-212217-156x300.png 156w\" sizes=\"(max-width: 427px) 100vw, 427px\" \/>\t\t\t\t\t\t\t\t\t\t\t\t\t<\/div>\n\t\t\t\t<\/div>\n\t\t\t\t\t<\/div>\n\t\t\t\t<\/div>\n\t\t<div class=\"elementor-element elementor-element-9e67c30 e-flex e-con-boxed e-con e-parent\" data-id=\"9e67c30\" data-element_type=\"container\">\n\t\t\t\t\t<div class=\"e-con-inner\">\n\t\t<div class=\"elementor-element elementor-element-90acd06 e-con-full e-flex e-con e-child\" data-id=\"90acd06\" data-element_type=\"container\">\n\t\t\t\t<div class=\"elementor-element elementor-element-bf73693 elementor-widget elementor-widget-text-editor\" data-id=\"bf73693\" data-element_type=\"widget\" data-widget_type=\"text-editor.default\">\n\t\t\t\t<div class=\"elementor-widget-container\">\n\t\t\t\t\t\t\t<p>Ne faisant pas partie de l&#8217;univers luxe, mon \u00e9quipe a fait face \u00e0 un vrai d\u00e9fi en proposant un parcours client premium. Nous nous sommes bas\u00e9s sur les faits marquants de la vie de Monsieur Christian Dior pour cr\u00e9er une exp\u00e9rience client unique.\u00a0<\/p><p>Nous avons d\u00e9velopper le concept \u00e0 partir d&#8217;une \u00e9tude de march\u00e9, la maquette du pop-up store, la communication, les partenariats, le recrutement ainsi que le budget.<\/p>\t\t\t\t\t\t<\/div>\n\t\t\t\t<\/div>\n\t\t\t\t<div class=\"elementor-element elementor-element-6afe950 elementor-align-center elementor-widget elementor-widget-button\" data-id=\"6afe950\" data-element_type=\"widget\" data-widget_type=\"button.default\">\n\t\t\t\t<div class=\"elementor-widget-container\">\n\t\t\t\t\t<div class=\"elementor-button-wrapper\">\n\t\t\t<a class=\"elementor-button elementor-button-link elementor-size-sm\" href=\"#\">\n\t\t\t\t\t\t<span class=\"elementor-button-content-wrapper\">\n\t\t\t\t\t\t\t\t\t<span class=\"elementor-button-text\">Annexes<\/span>\n\t\t\t\t\t<\/span>\n\t\t\t\t\t<\/a>\n\t\t<\/div>\n\t\t\t\t<\/div>\n\t\t\t\t<\/div>\n\t\t\t\t<\/div>\n\t\t<div class=\"elementor-element elementor-element-13091a5 e-con-full e-flex e-con e-child\" data-id=\"13091a5\" data-element_type=\"container\">\n\t\t\t\t<div class=\"elementor-element elementor-element-b4e6b07 elementor-widget elementor-widget-heading\" data-id=\"b4e6b07\" data-element_type=\"widget\" data-widget_type=\"heading.default\">\n\t\t\t\t<div class=\"elementor-widget-container\">\n\t\t\t<h2 class=\"elementor-heading-title elementor-size-default\">Notre projet<\/h2>\t\t<\/div>\n\t\t\t\t<\/div>\n\t\t\t\t<div class=\"elementor-element elementor-element-70683d6 elementor-widget elementor-widget-video\" data-id=\"70683d6\" data-element_type=\"widget\" data-settings=\"{&quot;youtube_url&quot;:&quot;https:\\\/\\\/youtu.be\\\/dM0FYKR-lpo&quot;,&quot;video_type&quot;:&quot;youtube&quot;,&quot;controls&quot;:&quot;yes&quot;}\" data-widget_type=\"video.default\">\n\t\t\t\t<div class=\"elementor-widget-container\">\n\t\t\t<style>\/*! elementor - v3.22.0 - 26-06-2024 *\/\n.elementor-widget-video .elementor-widget-container{overflow:hidden;transform:translateZ(0)}.elementor-widget-video .elementor-wrapper{aspect-ratio:var(--video-aspect-ratio)}.elementor-widget-video .elementor-wrapper iframe,.elementor-widget-video .elementor-wrapper video{height:100%;width:100%;display:flex;border:none;background-color:#000}@supports not (aspect-ratio:1\/1){.elementor-widget-video .elementor-wrapper{position:relative;overflow:hidden;height:0;padding-bottom:calc(100% \/ var(--video-aspect-ratio))}.elementor-widget-video .elementor-wrapper iframe,.elementor-widget-video .elementor-wrapper video{position:absolute;top:0;right:0;bottom:0;left:0}}.elementor-widget-video .elementor-open-inline .elementor-custom-embed-image-overlay{position:absolute;top:0;right:0;bottom:0;left:0;background-size:cover;background-position:50%}.elementor-widget-video .elementor-custom-embed-image-overlay{cursor:pointer;text-align:center}.elementor-widget-video .elementor-custom-embed-image-overlay:hover .elementor-custom-embed-play i{opacity:1}.elementor-widget-video .elementor-custom-embed-image-overlay img{display:block;width:100%;aspect-ratio:var(--video-aspect-ratio);-o-object-fit:cover;object-fit:cover;-o-object-position:center center;object-position:center center}@supports not (aspect-ratio:1\/1){.elementor-widget-video .elementor-custom-embed-image-overlay{position:relative;overflow:hidden;height:0;padding-bottom:calc(100% \/ var(--video-aspect-ratio))}.elementor-widget-video .elementor-custom-embed-image-overlay img{position:absolute;top:0;right:0;bottom:0;left:0}}.elementor-widget-video .e-hosted-video .elementor-video{-o-object-fit:cover;object-fit:cover}.e-con-inner>.elementor-widget-video,.e-con>.elementor-widget-video{width:var(--container-widget-width);--flex-grow:var(--container-widget-flex-grow)}<\/style>\t\t<div class=\"elementor-wrapper elementor-open-inline\">\n\t\t\t<div class=\"elementor-video\"><\/div>\t\t<\/div>\n\t\t\t\t<\/div>\n\t\t\t\t<\/div>\n\t\t\t\t<\/div>\n\t\t\t\t\t<\/div>\n\t\t\t\t<\/div>\n\t\t<div class=\"elementor-element elementor-element-5300f82 e-flex e-con-boxed e-con e-parent\" data-id=\"5300f82\" data-element_type=\"container\">\n\t\t\t\t\t<div class=\"e-con-inner\">\n\t\t<div class=\"elementor-element elementor-element-3c40645 e-con-full e-flex e-con e-child\" data-id=\"3c40645\" data-element_type=\"container\">\n\t\t\t\t<div class=\"elementor-element elementor-element-5ae7726 elementor-widget elementor-widget-heading\" data-id=\"5ae7726\" data-element_type=\"widget\" data-widget_type=\"heading.default\">\n\t\t\t\t<div class=\"elementor-widget-container\">\n\t\t\t<h2 class=\"elementor-heading-title elementor-size-default\">La finale<\/h2>\t\t<\/div>\n\t\t\t\t<\/div>\n\t\t\t\t<div class=\"elementor-element elementor-element-15aa141 elementor-widget elementor-widget-image\" data-id=\"15aa141\" data-element_type=\"widget\" data-widget_type=\"image.default\">\n\t\t\t\t<div class=\"elementor-widget-container\">\n\t\t\t\t\t\t\t\t\t\t\t\t\t<img decoding=\"async\" width=\"1024\" height=\"733\" src=\"https:\/\/maeva-vergnieres.com\/wp-content\/uploads\/2024\/07\/IMG_20240708_211509-1024x733.jpg\" class=\"attachment-large size-large wp-image-132\" alt=\"\" srcset=\"https:\/\/maeva-vergnieres.com\/wp-content\/uploads\/2024\/07\/IMG_20240708_211509-1024x733.jpg 1024w, https:\/\/maeva-vergnieres.com\/wp-content\/uploads\/2024\/07\/IMG_20240708_211509-300x215.jpg 300w, https:\/\/maeva-vergnieres.com\/wp-content\/uploads\/2024\/07\/IMG_20240708_211509-768x550.jpg 768w, https:\/\/maeva-vergnieres.com\/wp-content\/uploads\/2024\/07\/IMG_20240708_211509-1536x1100.jpg 1536w, https:\/\/maeva-vergnieres.com\/wp-content\/uploads\/2024\/07\/IMG_20240708_211509-2048x1467.jpg 2048w\" sizes=\"(max-width: 1024px) 100vw, 1024px\" \/>\t\t\t\t\t\t\t\t\t\t\t\t\t<\/div>\n\t\t\t\t<\/div>\n\t\t\t\t<\/div>\n\t\t<div class=\"elementor-element elementor-element-6ea0f41 e-con-full e-flex e-con e-child\" data-id=\"6ea0f41\" data-element_type=\"container\">\n\t\t\t\t<div class=\"elementor-element elementor-element-58e85ad elementor-widget elementor-widget-text-editor\" data-id=\"58e85ad\" data-element_type=\"widget\" data-widget_type=\"text-editor.default\">\n\t\t\t\t<div class=\"elementor-widget-container\">\n\t\t\t\t\t\t\t<p>Apr\u00e8s notre s\u00e9lection au sein de notre \u00e9cole, mon \u00e9quipe a \u00e9t\u00e9 choisi face \u00e0 celle de Bordeaux. Nous nous sommes donc rendus \u00e0 Paris pour la finale nationale au si\u00e8ge de Dior le lundi 1er Juillet 2024.<\/p><p>Nous n&#8217;avons pas gagn\u00e9s mais ce fut une exp\u00e9rience unique et tr\u00e8s enrichissante pour nous. Nous avons pu mettre en \u0153uvre nos connaissances et nos comp\u00e9tences au sein d&#8217;une \u00e9quipe soud\u00e9e et respectueuse.<\/p>\t\t\t\t\t\t<\/div>\n\t\t\t\t<\/div>\n\t\t\t\t<\/div>\n\t\t\t\t\t<\/div>\n\t\t\t\t<\/div>\n\t\t<div class=\"elementor-element elementor-element-2c15170 e-flex e-con-boxed e-con e-parent\" data-id=\"2c15170\" data-element_type=\"container\">\n\t\t\t\t\t<div class=\"e-con-inner\">\n\t\t\t\t<div class=\"elementor-element elementor-element-2e5f07e elementor-widget elementor-widget-video\" data-id=\"2e5f07e\" data-element_type=\"widget\" data-settings=\"{&quot;video_type&quot;:&quot;hosted&quot;,&quot;controls&quot;:&quot;yes&quot;}\" data-widget_type=\"video.default\">\n\t\t\t\t<div class=\"elementor-widget-container\">\n\t\t\t\t\t<div class=\"e-hosted-video elementor-wrapper elementor-open-inline\">\n\t\t\t\t\t<video class=\"elementor-video\" src=\"http:\/\/maeva-vergnieres.com\/wp-content\/uploads\/2024\/07\/InShot_20240708_222852945.mp4\" controls=\"\" preload=\"metadata\" controlsList=\"nodownload\"><\/video>\n\t\t\t\t<\/div>\n\t\t\t\t<\/div>\n\t\t\t\t<\/div>\n\t\t\t\t\t<\/div>\n\t\t\t\t<\/div>\n\t\t\t\t<\/div>\n\t\t","protected":false},"excerpt":{"rendered":"<p>Business Game &#8211; Dior Spa Le concept Le groupe Terrade s&#8217;associe \u00e0 une marque chaque ann\u00e9e afin de proposer un challenge unique aux bachelors. Cette ann\u00e9e, le challenge \u00e9tait de taille. La maison Dior s&#8217;est associ\u00e9e au groupe Terrade pour dynamiser ses spas. Plusieurs missions nous ont \u00e9t\u00e9 confi\u00e9s et devaient s&#8217;organiser autour de la [&hellip;]<\/p>\n","protected":false},"author":1,"featured_media":0,"parent":0,"menu_order":0,"comment_status":"closed","ping_status":"closed","template":"","meta":{"footnotes":""},"class_list":["post-121","page","type-page","status-publish","hentry","entry"],"_links":{"self":[{"href":"https:\/\/maeva-vergnieres.com\/index.php\/wp-json\/wp\/v2\/pages\/121","targetHints":{"allow":["GET"]}}],"collection":[{"href":"https:\/\/maeva-vergnieres.com\/index.php\/wp-json\/wp\/v2\/pages"}],"about":[{"href":"https:\/\/maeva-vergnieres.com\/index.php\/wp-json\/wp\/v2\/types\/page"}],"author":[{"embeddable":true,"href":"https:\/\/maeva-vergnieres.com\/index.php\/wp-json\/wp\/v2\/users\/1"}],"replies":[{"embeddable":true,"href":"https:\/\/maeva-vergnieres.com\/index.php\/wp-json\/wp\/v2\/comments?post=121"}],"version-history":[{"count":13,"href":"https:\/\/maeva-vergnieres.com\/index.php\/wp-json\/wp\/v2\/pages\/121\/revisions"}],"predecessor-version":[{"id":150,"href":"https:\/\/maeva-vergnieres.com\/index.php\/wp-json\/wp\/v2\/pages\/121\/revisions\/150"}],"wp:attachment":[{"href":"https:\/\/maeva-vergnieres.com\/index.php\/wp-json\/wp\/v2\/media?parent=121"}],"curies":[{"name":"wp","href":"https:\/\/api.w.org\/{rel}","templated":true}]}}